{"id":526,"date":"2021-01-08T10:54:42","date_gmt":"2021-01-08T15:54:42","guid":{"rendered":"https:\/\/entreprisesrb.com\/a-propos\/"},"modified":"2024-09-17T19:02:56","modified_gmt":"2024-09-17T23:02:56","slug":"a-propos","status":"publish","type":"page","link":"https:\/\/entreprisesrb.com\/en\/a-propos\/","title":{"rendered":"About us"},"content":{"rendered":"","protected":false},"excerpt":{"rendered":"","protected":false},"author":1,"featured_media":0,"parent":0,"menu_order":0,"comment_status":"closed","ping_status":"closed","template":"","meta":{"_acf_changed":false,"footnotes":""},"class_list":["post-526","page","type-page","status-publish","hentry"],"acf":[],"yoast_head":"<!-- This site is optimized with the Yoast SEO plugin v27.4 - https:\/\/yoast.com\/product\/yoast-seo-wordpress\/ -->\n<title>Entreprises RB - 35 ans d\u2019expertise en chauffage r\u00e9sidentiel \u00e0 Sherbrooke<\/title>\n<meta name=\"description\" content=\"Le service client de haut niveau, la rigueur et la fiabilit\u00e9 du Roi du Br\u00fbleur ont fait de nous des leaders en chauffage et plomberie en Estie. Maximisez votre confort avec nous! Service 24\/7.\" \/>\n<meta name=\"robots\" content=\"index, follow, max-snippet:-1, max-image-preview:large, max-video-preview:-1\" \/>\n<link rel=\"canonical\" href=\"https:\/\/entreprisesrb.com\/en\/a-propos\/\" \/>\n<meta property=\"og:locale\" content=\"en_US\" \/>\n<meta property=\"og:type\" content=\"article\" \/>\n<meta property=\"og:title\" content=\"Entreprises RB - 35 ans d\u2019expertise en chauffage r\u00e9sidentiel \u00e0 Sherbrooke\" \/>\n<meta property=\"og:description\" content=\"Le service client de haut niveau, la rigueur et la fiabilit\u00e9 du Roi du Br\u00fbleur ont fait de nous des leaders en chauffage et plomberie en Estie. Maximisez votre confort avec nous! Service 24\/7.\" \/>\n<meta property=\"og:url\" content=\"https:\/\/entreprisesrb.com\/en\/a-propos\/\" \/>\n<meta property=\"og:site_name\" content=\"Entreprises RB\" \/>\n<meta property=\"article:modified_time\" content=\"2024-09-17T23:02:56+00:00\" \/>\n<meta property=\"og:image\" content=\"https:\/\/entreprisesrb.com\/wp-content\/uploads\/2020\/12\/roi-bruleur-entete-950x645-.chauffage.jpg\" \/>\n\t<meta property=\"og:image:width\" content=\"950\" \/>\n\t<meta property=\"og:image:height\" content=\"645\" \/>\n\t<meta property=\"og:image:type\" content=\"image\/jpeg\" \/>\n<meta name=\"twitter:card\" content=\"summary_large_image\" \/>\n<script type=\"application\/ld+json\" class=\"yoast-schema-graph\">{\"@context\":\"https:\\\/\\\/schema.org\",\"@graph\":[{\"@type\":\"WebPage\",\"@id\":\"https:\\\/\\\/entreprisesrb.com\\\/en\\\/a-propos\\\/\",\"url\":\"https:\\\/\\\/entreprisesrb.com\\\/en\\\/a-propos\\\/\",\"name\":\"Entreprises RB - 35 ans d\u2019expertise en chauffage r\u00e9sidentiel \u00e0 Sherbrooke\",\"isPartOf\":{\"@id\":\"https:\\\/\\\/entreprisesrb.com\\\/#website\"},\"datePublished\":\"2021-01-08T15:54:42+00:00\",\"dateModified\":\"2024-09-17T23:02:56+00:00\",\"description\":\"Le service client de haut niveau, la rigueur et la fiabilit\u00e9 du Roi du Br\u00fbleur ont fait de nous des leaders en chauffage et plomberie en Estie. Maximisez votre confort avec nous! Service 24\\\/7.\",\"breadcrumb\":{\"@id\":\"https:\\\/\\\/entreprisesrb.com\\\/en\\\/a-propos\\\/#breadcrumb\"},\"inLanguage\":\"en-US\",\"potentialAction\":[{\"@type\":\"ReadAction\",\"target\":[\"https:\\\/\\\/entreprisesrb.com\\\/en\\\/a-propos\\\/\"]}]},{\"@type\":\"BreadcrumbList\",\"@id\":\"https:\\\/\\\/entreprisesrb.com\\\/en\\\/a-propos\\\/#breadcrumb\",\"itemListElement\":[{\"@type\":\"ListItem\",\"position\":1,\"name\":\"Accueil\",\"item\":\"https:\\\/\\\/entreprisesrb.com\\\/en\\\/page-d-exemple\\\/\"},{\"@type\":\"ListItem\",\"position\":2,\"name\":\"About us\"}]},{\"@type\":\"WebSite\",\"@id\":\"https:\\\/\\\/entreprisesrb.com\\\/#website\",\"url\":\"https:\\\/\\\/entreprisesrb.com\\\/\",\"name\":\"Entreprises RB\",\"description\":\"\",\"publisher\":{\"@id\":\"https:\\\/\\\/entreprisesrb.com\\\/#organization\"},\"potentialAction\":[{\"@type\":\"SearchAction\",\"target\":{\"@type\":\"EntryPoint\",\"urlTemplate\":\"https:\\\/\\\/entreprisesrb.com\\\/?s={search_term_string}\"},\"query-input\":{\"@type\":\"PropertyValueSpecification\",\"valueRequired\":true,\"valueName\":\"search_term_string\"}}],\"inLanguage\":\"en-US\"},{\"@type\":\"Organization\",\"@id\":\"https:\\\/\\\/entreprisesrb.com\\\/#organization\",\"name\":\"Entreprises RB\",\"url\":\"https:\\\/\\\/entreprisesrb.com\\\/\",\"logo\":{\"@type\":\"ImageObject\",\"inLanguage\":\"en-US\",\"@id\":\"https:\\\/\\\/entreprisesrb.com\\\/#\\\/schema\\\/logo\\\/image\\\/\",\"url\":\"https:\\\/\\\/entreprisesrb.com\\\/wp-content\\\/uploads\\\/2021\\\/11\\\/cropped-logohorizontal.png\",\"contentUrl\":\"https:\\\/\\\/entreprisesrb.com\\\/wp-content\\\/uploads\\\/2021\\\/11\\\/cropped-logohorizontal.png\",\"width\":339,\"height\":54,\"caption\":\"Entreprises RB\"},\"image\":{\"@id\":\"https:\\\/\\\/entreprisesrb.com\\\/#\\\/schema\\\/logo\\\/image\\\/\"}}]}<\/script>\n<!-- \/ Yoast SEO plugin. -->","yoast_head_json":{"title":"Entreprises RB - 35 ans d\u2019expertise en chauffage r\u00e9sidentiel \u00e0 Sherbrooke","description":"Le service client de haut niveau, la rigueur et la fiabilit\u00e9 du Roi du Br\u00fbleur ont fait de nous des leaders en chauffage et plomberie en Estie. Maximisez votre confort avec nous! Service 24\/7.","robots":{"index":"index","follow":"follow","max-snippet":"max-snippet:-1","max-image-preview":"max-image-preview:large","max-video-preview":"max-video-preview:-1"},"canonical":"https:\/\/entreprisesrb.com\/en\/a-propos\/","og_locale":"en_US","og_type":"article","og_title":"Entreprises RB - 35 ans d\u2019expertise en chauffage r\u00e9sidentiel \u00e0 Sherbrooke","og_description":"Le service client de haut niveau, la rigueur et la fiabilit\u00e9 du Roi du Br\u00fbleur ont fait de nous des leaders en chauffage et plomberie en Estie. Maximisez votre confort avec nous! Service 24\/7.","og_url":"https:\/\/entreprisesrb.com\/en\/a-propos\/","og_site_name":"Entreprises RB","article_modified_time":"2024-09-17T23:02:56+00:00","og_image":[{"width":950,"height":645,"url":"https:\/\/entreprisesrb.com\/wp-content\/uploads\/2020\/12\/roi-bruleur-entete-950x645-.chauffage.jpg","type":"image\/jpeg"}],"twitter_card":"summary_large_image","schema":{"@context":"https:\/\/schema.org","@graph":[{"@type":"WebPage","@id":"https:\/\/entreprisesrb.com\/en\/a-propos\/","url":"https:\/\/entreprisesrb.com\/en\/a-propos\/","name":"Entreprises RB - 35 ans d\u2019expertise en chauffage r\u00e9sidentiel \u00e0 Sherbrooke","isPartOf":{"@id":"https:\/\/entreprisesrb.com\/#website"},"datePublished":"2021-01-08T15:54:42+00:00","dateModified":"2024-09-17T23:02:56+00:00","description":"Le service client de haut niveau, la rigueur et la fiabilit\u00e9 du Roi du Br\u00fbleur ont fait de nous des leaders en chauffage et plomberie en Estie. Maximisez votre confort avec nous! Service 24\/7.","breadcrumb":{"@id":"https:\/\/entreprisesrb.com\/en\/a-propos\/#breadcrumb"},"inLanguage":"en-US","potentialAction":[{"@type":"ReadAction","target":["https:\/\/entreprisesrb.com\/en\/a-propos\/"]}]},{"@type":"BreadcrumbList","@id":"https:\/\/entreprisesrb.com\/en\/a-propos\/#breadcrumb","itemListElement":[{"@type":"ListItem","position":1,"name":"Accueil","item":"https:\/\/entreprisesrb.com\/en\/page-d-exemple\/"},{"@type":"ListItem","position":2,"name":"About us"}]},{"@type":"WebSite","@id":"https:\/\/entreprisesrb.com\/#website","url":"https:\/\/entreprisesrb.com\/","name":"Entreprises RB","description":"","publisher":{"@id":"https:\/\/entreprisesrb.com\/#organization"},"potentialAction":[{"@type":"SearchAction","target":{"@type":"EntryPoint","urlTemplate":"https:\/\/entreprisesrb.com\/?s={search_term_string}"},"query-input":{"@type":"PropertyValueSpecification","valueRequired":true,"valueName":"search_term_string"}}],"inLanguage":"en-US"},{"@type":"Organization","@id":"https:\/\/entreprisesrb.com\/#organization","name":"Entreprises RB","url":"https:\/\/entreprisesrb.com\/","logo":{"@type":"ImageObject","inLanguage":"en-US","@id":"https:\/\/entreprisesrb.com\/#\/schema\/logo\/image\/","url":"https:\/\/entreprisesrb.com\/wp-content\/uploads\/2021\/11\/cropped-logohorizontal.png","contentUrl":"https:\/\/entreprisesrb.com\/wp-content\/uploads\/2021\/11\/cropped-logohorizontal.png","width":339,"height":54,"caption":"Entreprises RB"},"image":{"@id":"https:\/\/entreprisesrb.com\/#\/schema\/logo\/image\/"}}]}},"_links":{"self":[{"href":"https:\/\/entreprisesrb.com\/en\/wp-json\/wp\/v2\/pages\/526","targetHints":{"allow":["GET"]}}],"collection":[{"href":"https:\/\/entreprisesrb.com\/en\/wp-json\/wp\/v2\/pages"}],"about":[{"href":"https:\/\/entreprisesrb.com\/en\/wp-json\/wp\/v2\/types\/page"}],"author":[{"embeddable":true,"href":"https:\/\/entreprisesrb.com\/en\/wp-json\/wp\/v2\/users\/1"}],"replies":[{"embeddable":true,"href":"https:\/\/entreprisesrb.com\/en\/wp-json\/wp\/v2\/comments?post=526"}],"version-history":[{"count":4,"href":"https:\/\/entreprisesrb.com\/en\/wp-json\/wp\/v2\/pages\/526\/revisions"}],"predecessor-version":[{"id":722,"href":"https:\/\/entreprisesrb.com\/en\/wp-json\/wp\/v2\/pages\/526\/revisions\/722"}],"wp:attachment":[{"href":"https:\/\/entreprisesrb.com\/en\/wp-json\/wp\/v2\/media?parent=526"}],"curies":[{"name":"wp","href":"https:\/\/api.w.org\/{rel}","templated":true}]}}